{"id":873,"date":"2025-06-09T15:25:56","date_gmt":"2025-06-09T15:25:56","guid":{"rendered":"https:\/\/preprod-wp.csiim.ovh\/?page_id=873"},"modified":"2025-07-16T15:56:06","modified_gmt":"2025-07-16T15:56:06","slug":"accueil2","status":"publish","type":"page","link":"https:\/\/dr-melki-lecouturier.fr\/","title":{"rendered":"Accueil2"},"content":{"rendered":"<h1>Bienvenue !<\/h1>\n<h1>Les docteurs Camille Melki et No\u00e9mie Lecouturier sont sp\u00e9cialistes qualifi\u00e9es en orthop\u00e9die-dento-faciale.<\/h1>\n<h1>Elles sont heureuses de vous accueillir dans leur cabinet d\u2019orthodontie !<\/h1>\n<p>\t\t\t\t\t\t\t\t\t\t\t\t\t\t\t<img fetchpriority=\"high\" decoding=\"async\" width=\"400\" height=\"400\" src=\"https:\/\/dr-melki-lecouturier.fr\/wp-content\/uploads\/2025\/01\/Camille-2.jpg\" alt=\"\" srcset=\"https:\/\/dr-melki-lecouturier.fr\/wp-content\/uploads\/2025\/01\/Camille-2.jpg 400w, https:\/\/dr-melki-lecouturier.fr\/wp-content\/uploads\/2025\/01\/Camille-2-300x300.jpg 300w, https:\/\/dr-melki-lecouturier.fr\/wp-content\/uploads\/2025\/01\/Camille-2-150x150.jpg 150w\" sizes=\"(max-width: 400px) 100vw, 400px\" \/><br \/>\n\t\t\t\t\t\t\t\t\t\t\t\t\t\t\t<img decoding=\"async\" width=\"400\" height=\"400\" src=\"https:\/\/dr-melki-lecouturier.fr\/wp-content\/uploads\/2025\/01\/Noemie.jpg\" alt=\"\" srcset=\"https:\/\/dr-melki-lecouturier.fr\/wp-content\/uploads\/2025\/01\/Noemie.jpg 400w, https:\/\/dr-melki-lecouturier.fr\/wp-content\/uploads\/2025\/01\/Noemie-300x300.jpg 300w, https:\/\/dr-melki-lecouturier.fr\/wp-content\/uploads\/2025\/01\/Noemie-150x150.jpg 150w\" sizes=\"(max-width: 400px) 100vw, 400px\" \/>\t\t\t\t\t\t\t\t\t\t\t\t\t\t\t<\/p>\n<h2>Dr Camille Melki<\/h2>\n<h2>Dr No\u00e9mie Lecouturier<\/h2>\n<h2>Gr\u00e2ce \u00e0 une multitude de moyens th\u00e9rapeutiques, elles prennent en charge les<br \/>\n<B>jeunes enfants<br \/>\n<\/B>,<br \/>\nles<br \/>\n<B>adolescents<br \/>\n<\/B> et les<br \/>\n<B>adultes<br \/>\n<\/B>.<br \/>\n<\/h2>\n<p>\t\t\t\t\t\t\t<a href=\"https:\/\/dr-melki-lecouturier.fr\/wp-content\/uploads\/2025\/03\/Enfant-scaled.jpeg\" data-elementor-open-lightbox=\"yes\" data-elementor-lightbox-slideshow=\"9c5132a\" data-elementor-lightbox-title=\"Enfant\" data-e-action-hash=\"#elementor-action%3Aaction%3Dlightbox%26settings%3DeyJpZCI6MjU5LCJ1cmwiOiJodHRwczpcL1wvcHJlcHJvZC13cC5jc2lpbS5vdmhcL3dwLWNvbnRlbnRcL3VwbG9hZHNcLzIwMjVcLzAzXC9FbmZhbnQtc2NhbGVkLmpwZWciLCJzbGlkZXNob3ciOiI5YzUxMzJhIn0%3D\"><br \/>\n\t\t\t\t\t\t\t\t\t\t\t\t\t\t<\/a><br \/>\n\t\t\t\t\t\t\t<a href=\"https:\/\/dr-melki-lecouturier.fr\/wp-content\/uploads\/2025\/05\/Bagues-metal.jpeg\" data-elementor-open-lightbox=\"yes\" data-elementor-lightbox-slideshow=\"9c5132a\" data-elementor-lightbox-title=\"Young woman with braces and toothbrush and braces brush cleaner\" data-e-action-hash=\"#elementor-action%3Aaction%3Dlightbox%26settings%3DeyJpZCI6MzYxLCJ1cmwiOiJodHRwczpcL1wvcHJlcHJvZC13cC5jc2lpbS5vdmhcL3dwLWNvbnRlbnRcL3VwbG9hZHNcLzIwMjVcLzA1XC9CYWd1ZXMtbWV0YWwuanBlZyIsInNsaWRlc2hvdyI6IjljNTEzMmEifQ%3D%3D\"><br \/>\n\t\t\t\t\t\t\t\t\t\t\t\t\t\t<\/a><br \/>\n\t\t\t\t\t\t\t<a href=\"https:\/\/dr-melki-lecouturier.fr\/wp-content\/uploads\/2025\/03\/Bagues-ceram.jpeg\" data-elementor-open-lightbox=\"yes\" data-elementor-lightbox-slideshow=\"9c5132a\" data-elementor-lightbox-title=\"Woman with dental braces biting off ripe cherry\" data-e-action-hash=\"#elementor-action%3Aaction%3Dlightbox%26settings%3DeyJpZCI6MzI1LCJ1cmwiOiJodHRwczpcL1wvcHJlcHJvZC13cC5jc2lpbS5vdmhcL3dwLWNvbnRlbnRcL3VwbG9hZHNcLzIwMjVcLzAzXC9CYWd1ZXMtY2VyYW0uanBlZyIsInNsaWRlc2hvdyI6IjljNTEzMmEifQ%3D%3D\"><br \/>\n\t\t\t\t\t\t\t\t\t\t\t\t\t\t<\/a><br \/>\n\t\t\t\t\t\t\t<a href=\"https:\/\/dr-melki-lecouturier.fr\/wp-content\/uploads\/2025\/03\/dentaireInvisible.png\" data-elementor-open-lightbox=\"yes\" data-elementor-lightbox-slideshow=\"9c5132a\" data-elementor-lightbox-title=\"dentaireInvisible\" data-e-action-hash=\"#elementor-action%3Aaction%3Dlightbox%26settings%3DeyJpZCI6MjAwLCJ1cmwiOiJodHRwczpcL1wvcHJlcHJvZC13cC5jc2lpbS5vdmhcL3dwLWNvbnRlbnRcL3VwbG9hZHNcLzIwMjVcLzAzXC9kZW50YWlyZUludmlzaWJsZS5wbmciLCJzbGlkZXNob3ciOiI5YzUxMzJhIn0%3D\"><br \/>\n\t\t\t\t\t\t\t\t\t\t\t\t\t\t<\/a><br \/>\n\t\t\t\t\t\t\t<a href=\"https:\/\/dr-melki-lecouturier.fr\/wp-content\/uploads\/2024\/12\/Lingual1-scaled.jpeg\" data-elementor-open-lightbox=\"yes\" data-elementor-lightbox-slideshow=\"9c5132a\" data-elementor-lightbox-title=\"Lingual(1)\" data-e-action-hash=\"#elementor-action%3Aaction%3Dlightbox%26settings%3DeyJpZCI6MTM4LCJ1cmwiOiJodHRwczpcL1wvcHJlcHJvZC13cC5jc2lpbS5vdmhcL3dwLWNvbnRlbnRcL3VwbG9hZHNcLzIwMjRcLzEyXC9MaW5ndWFsMS1zY2FsZWQuanBlZyIsInNsaWRlc2hvdyI6IjljNTEzMmEifQ%3D%3D\"><br \/>\n\t\t\t\t\t\t\t\t\t\t\t\t\t\t<\/a><\/p>\n<h1>Traitements<\/h1>\n<h2>Chez l&rsquo;enfant<\/h2>\n<h2>Chez l&rsquo;adolescent<\/h2>\n<h2>Chez l&rsquo;adulte<\/h2>\n<p>\t\t\t\t\t\t\t\t\t\t\t\t\t\t\t<img decoding=\"async\" width=\"640\" height=\"427\" src=\"https:\/\/dr-melki-lecouturier.fr\/wp-content\/uploads\/2025\/03\/AdobeStock_451820501-Copie-1024x683.jpeg\" alt=\"\" srcset=\"https:\/\/dr-melki-lecouturier.fr\/wp-content\/uploads\/2025\/03\/AdobeStock_451820501-Copie-1024x683.jpeg 1024w, https:\/\/dr-melki-lecouturier.fr\/wp-content\/uploads\/2025\/03\/AdobeStock_451820501-Copie-300x200.jpeg 300w, https:\/\/dr-melki-lecouturier.fr\/wp-content\/uploads\/2025\/03\/AdobeStock_451820501-Copie-768x512.jpeg 768w, https:\/\/dr-melki-lecouturier.fr\/wp-content\/uploads\/2025\/03\/AdobeStock_451820501-Copie-1536x1024.jpeg 1536w\" sizes=\"(max-width: 640px) 100vw, 640px\" \/><br \/>\n\t\t\t\t\t\t\t\t\t\t\t\t\t\t\t<img loading=\"lazy\" decoding=\"async\" width=\"640\" height=\"427\" src=\"https:\/\/dr-melki-lecouturier.fr\/wp-content\/uploads\/2025\/03\/ado-1024x683.jpg\" alt=\"\" srcset=\"https:\/\/dr-melki-lecouturier.fr\/wp-content\/uploads\/2025\/03\/ado-1024x683.jpg 1024w, https:\/\/dr-melki-lecouturier.fr\/wp-content\/uploads\/2025\/03\/ado-300x200.jpg 300w, https:\/\/dr-melki-lecouturier.fr\/wp-content\/uploads\/2025\/03\/ado-768x512.jpg 768w, https:\/\/dr-melki-lecouturier.fr\/wp-content\/uploads\/2025\/03\/ado.jpg 1280w\" sizes=\"(max-width: 640px) 100vw, 640px\" \/><br \/>\n\t\t\t\t\t\t\t\t\t\t\t\t\t\t\t<img loading=\"lazy\" decoding=\"async\" width=\"640\" height=\"426\" src=\"https:\/\/dr-melki-lecouturier.fr\/wp-content\/uploads\/2025\/03\/adulte-1024x682.jpg\" alt=\"\" srcset=\"https:\/\/dr-melki-lecouturier.fr\/wp-content\/uploads\/2025\/03\/adulte-1024x682.jpg 1024w, https:\/\/dr-melki-lecouturier.fr\/wp-content\/uploads\/2025\/03\/adulte-300x200.jpg 300w, https:\/\/dr-melki-lecouturier.fr\/wp-content\/uploads\/2025\/03\/adulte-768x512.jpg 768w, https:\/\/dr-melki-lecouturier.fr\/wp-content\/uploads\/2025\/03\/adulte.jpg 1280w\" sizes=\"(max-width: 640px) 100vw, 640px\" \/>\t\t\t\t\t\t\t\t\t\t\t\t\t\t\t<\/p>\n<h1>Conseils<\/h1>\n<h2>Adaptation \u00e0 l&rsquo;appareillage<\/h2>\n<h2>Conseils et Pr\u00e9cautions<\/h2>\n<h2>Les  imprevus<\/h2>\n<p>\t\t\t\t\t\t\t\t\t\t\t\t\t\t\t<img loading=\"lazy\" decoding=\"async\" width=\"640\" height=\"427\" src=\"https:\/\/dr-melki-lecouturier.fr\/wp-content\/uploads\/2025\/03\/Brossage-1-Copie-1024x683.jpeg\" alt=\"\" srcset=\"https:\/\/dr-melki-lecouturier.fr\/wp-content\/uploads\/2025\/03\/Brossage-1-Copie-1024x683.jpeg 1024w, https:\/\/dr-melki-lecouturier.fr\/wp-content\/uploads\/2025\/03\/Brossage-1-Copie-300x200.jpeg 300w, https:\/\/dr-melki-lecouturier.fr\/wp-content\/uploads\/2025\/03\/Brossage-1-Copie-768x512.jpeg 768w, https:\/\/dr-melki-lecouturier.fr\/wp-content\/uploads\/2025\/03\/Brossage-1-Copie-1536x1024.jpeg 1536w, https:\/\/dr-melki-lecouturier.fr\/wp-content\/uploads\/2025\/03\/Brossage-1-Copie-2048x1365.jpeg 2048w\" sizes=\"(max-width: 640px) 100vw, 640px\" \/><br \/>\n\t\t\t\t\t\t\t\t\t\t\t\t\t\t\t\t<a href=\"https:\/\/dr-melki-lecouturier.fr\/?elementor_library=elementor-page-unique-731\" rel=\"nofollow\"><br \/>\n\t\t\t\t\t\t\t<img loading=\"lazy\" decoding=\"async\" width=\"640\" height=\"428\" src=\"https:\/\/dr-melki-lecouturier.fr\/wp-content\/uploads\/2025\/03\/AdobeStock_436432077-Copie-1024x684.jpeg\" alt=\"\" srcset=\"https:\/\/dr-melki-lecouturier.fr\/wp-content\/uploads\/2025\/03\/AdobeStock_436432077-Copie-1024x684.jpeg 1024w, https:\/\/dr-melki-lecouturier.fr\/wp-content\/uploads\/2025\/03\/AdobeStock_436432077-Copie-300x200.jpeg 300w, https:\/\/dr-melki-lecouturier.fr\/wp-content\/uploads\/2025\/03\/AdobeStock_436432077-Copie-768x513.jpeg 768w, https:\/\/dr-melki-lecouturier.fr\/wp-content\/uploads\/2025\/03\/AdobeStock_436432077-Copie-1536x1025.jpeg 1536w, https:\/\/dr-melki-lecouturier.fr\/wp-content\/uploads\/2025\/03\/AdobeStock_436432077-Copie-2048x1367.jpeg 2048w\" sizes=\"(max-width: 640px) 100vw, 640px\" \/>\t\t\t\t\t\t\t\t<\/a><br \/>\n\t\t\t\t\t\t\t\t\t\t\t\t\t\t\t\t<a href=\"https:\/\/dr-melki-lecouturier.fr\/?elementor_library=elementor-page-unique-740&#038;preview_id=740&#038;preview_nonce=c13ef701ba&#038;preview=true&#038;aaeid=668\"><br \/>\n\t\t\t\t\t\t\t<img loading=\"lazy\" decoding=\"async\" width=\"640\" height=\"426\" src=\"https:\/\/dr-melki-lecouturier.fr\/wp-content\/uploads\/2025\/03\/sensibilite2-1024x682.jpg\" alt=\"\" srcset=\"https:\/\/dr-melki-lecouturier.fr\/wp-content\/uploads\/2025\/03\/sensibilite2-1024x682.jpg 1024w, https:\/\/dr-melki-lecouturier.fr\/wp-content\/uploads\/2025\/03\/sensibilite2-300x200.jpg 300w, https:\/\/dr-melki-lecouturier.fr\/wp-content\/uploads\/2025\/03\/sensibilite2-768x512.jpg 768w, https:\/\/dr-melki-lecouturier.fr\/wp-content\/uploads\/2025\/03\/sensibilite2.jpg 1400w\" sizes=\"(max-width: 640px) 100vw, 640px\" \/>\t\t\t\t\t\t\t\t<\/a><\/p>\n","protected":false},"excerpt":{"rendered":"<p>Bienvenue ! Les docteurs Camille Melki et No\u00e9mie Lecouturier sont sp\u00e9cialistes qualifi\u00e9es en orthop\u00e9die-dento-faciale. Elles sont heureuses de vous accueillir&hellip;<\/p>\n","protected":false},"author":1,"featured_media":0,"parent":0,"menu_order":0,"comment_status":"closed","ping_status":"closed","template":"","meta":{"footnotes":""},"class_list":["post-873","page","type-page","status-publish","hentry"],"_links":{"self":[{"href":"https:\/\/dr-melki-lecouturier.fr\/index.php?rest_route=\/wp\/v2\/pages\/873","targetHints":{"allow":["GET"]}}],"collection":[{"href":"https:\/\/dr-melki-lecouturier.fr\/index.php?rest_route=\/wp\/v2\/pages"}],"about":[{"href":"https:\/\/dr-melki-lecouturier.fr\/index.php?rest_route=\/wp\/v2\/types\/page"}],"author":[{"embeddable":true,"href":"https:\/\/dr-melki-lecouturier.fr\/index.php?rest_route=\/wp\/v2\/users\/1"}],"replies":[{"embeddable":true,"href":"https:\/\/dr-melki-lecouturier.fr\/index.php?rest_route=%2Fwp%2Fv2%2Fcomments&post=873"}],"version-history":[{"count":4,"href":"https:\/\/dr-melki-lecouturier.fr\/index.php?rest_route=\/wp\/v2\/pages\/873\/revisions"}],"predecessor-version":[{"id":877,"href":"https:\/\/dr-melki-lecouturier.fr\/index.php?rest_route=\/wp\/v2\/pages\/873\/revisions\/877"}],"wp:attachment":[{"href":"https:\/\/dr-melki-lecouturier.fr\/index.php?rest_route=%2Fwp%2Fv2%2Fmedia&parent=873"}],"curies":[{"name":"wp","href":"https:\/\/api.w.org\/{rel}","templated":true}]}}